{"id":45,"date":"2019-06-13T15:21:45","date_gmt":"2019-06-13T13:21:45","guid":{"rendered":"http:\/\/wp13352054.server-he.de\/interx-therapie\/?page_id=45"},"modified":"2019-06-13T22:25:19","modified_gmt":"2019-06-13T20:25:19","slug":"therapeuten","status":"publish","type":"page","link":"https:\/\/interx-therapie.de\/interx-therapie\/therapeuten\/","title":{"rendered":"Therapeuten"},"content":{"rendered":"\n<h3 class=\"wp-block-heading\">Hier werden Sie professionell behandelt:<\/h3>\n\n\n\n<table class=\"wp-block-table\"><thead><tr><th>PLZ<\/th><th>Ort<\/th><th>Name<\/th><th>Fachbereich<\/th><th>Telefon<\/th><\/tr><\/thead><tbody><tr><td>34246<\/td><td>Vellmar<\/td><td>Annette Frede<\/td><td>Privat\u00e4rztin<\/td><td>0561-8208018<\/td><\/tr><tr><td>34431<\/td><td>Marsberg<\/td><td>Tanja Neufeld<\/td><td>Privat\u00e4rztin<\/td><td>02992-90 83 75<\/td><\/tr><tr><td>34431<\/td><td>Marsberg<\/td><td>Dr. G. Brockamp<\/td><td>Arztpraxis<\/td><td>02992-97 98-0<\/td><\/tr><tr><td>34516<\/td><td>V\u00f6hl-Herzhausen<\/td><td>Jochen Wolf<\/td><td>Reha-Vital Praxis<\/td><td>05635-99 33 57<\/td><\/tr><tr><td>65428<\/td><td>R\u00fcsselsheim<\/td><td>Dr. Manfred Wobig<\/td><td>Orthop\u00e4den am Klinikum<\/td><td>06142-95630-12<\/td><\/tr><\/tbody><\/table>\n","protected":false},"excerpt":{"rendered":"<p>Hier werden Sie professionell behandelt: PLZ Ort Name Fachbereich Telefon 34246 Vellmar Annette Frede Privat\u00e4rztin 0561-8208018 34431 Marsberg Tanja Neufeld Privat\u00e4rztin 02992-90 83 75 34431 Marsberg Dr. G. Brockamp Arztpraxis 02992-97 98-0 34516 V\u00f6hl-Herzhausen Jochen Wolf Reha-Vital Praxis 05635-99 33 57 65428 R\u00fcsselsheim Dr. Manfred Wobig Orthop\u00e4den am Klinikum 06142-95630-12<\/p>\n","protected":false},"author":1,"featured_media":0,"parent":0,"menu_order":0,"comment_status":"closed","ping_status":"closed","template":"","meta":{"_uag_custom_page_level_css":"","_links_to":"","_links_to_target":""},"yoast_head":"<!-- This site is optimized with the Yoast SEO plugin v20.9 - https:\/\/yoast.com\/wordpress\/plugins\/seo\/ -->\n<title>Therapeuten - InterX Therapie<\/title>\n<meta name=\"robots\" content=\"index, follow, max-snippet:-1, max-image-preview:large, max-video-preview:-1\" \/>\n<link rel=\"canonical\" href=\"https:\/\/interx-therapie.de\/interx-therapie\/therapeuten\/\" \/>\n<meta property=\"og:locale\" content=\"de_DE\" \/>\n<meta property=\"og:type\" content=\"article\" \/>\n<meta property=\"og:title\" content=\"Therapeuten - InterX Therapie\" \/>\n<meta property=\"og:description\" content=\"Hier werden Sie professionell behandelt: PLZ Ort Name Fachbereich Telefon 34246 Vellmar Annette Frede Privat\u00e4rztin 0561-8208018 34431 Marsberg Tanja Neufeld Privat\u00e4rztin 02992-90 83 75 34431 Marsberg Dr. G. Brockamp Arztpraxis 02992-97 98-0 34516 V\u00f6hl-Herzhausen Jochen Wolf Reha-Vital Praxis 05635-99 33 57 65428 R\u00fcsselsheim Dr. Manfred Wobig Orthop\u00e4den am Klinikum 06142-95630-12\" \/>\n<meta property=\"og:url\" content=\"https:\/\/interx-therapie.de\/interx-therapie\/therapeuten\/\" \/>\n<meta property=\"og:site_name\" content=\"InterX Therapie\" \/>\n<meta property=\"article:modified_time\" content=\"2019-06-13T20:25:19+00:00\" \/>\n<meta name=\"twitter:card\" content=\"summary_large_image\" \/>\n<script type=\"application\/ld+json\" class=\"yoast-schema-graph\">{\"@context\":\"https:\/\/schema.org\",\"@graph\":[{\"@type\":\"WebPage\",\"@id\":\"https:\/\/interx-therapie.de\/interx-therapie\/therapeuten\/\",\"url\":\"https:\/\/interx-therapie.de\/interx-therapie\/therapeuten\/\",\"name\":\"Therapeuten - InterX Therapie\",\"isPartOf\":{\"@id\":\"https:\/\/interx-therapie.de\/interx-therapie\/#website\"},\"datePublished\":\"2019-06-13T13:21:45+00:00\",\"dateModified\":\"2019-06-13T20:25:19+00:00\",\"breadcrumb\":{\"@id\":\"https:\/\/interx-therapie.de\/interx-therapie\/therapeuten\/#breadcrumb\"},\"inLanguage\":\"de-DE\",\"potentialAction\":[{\"@type\":\"ReadAction\",\"target\":[\"https:\/\/interx-therapie.de\/interx-therapie\/therapeuten\/\"]}]},{\"@type\":\"BreadcrumbList\",\"@id\":\"https:\/\/interx-therapie.de\/interx-therapie\/therapeuten\/#breadcrumb\",\"itemListElement\":[{\"@type\":\"ListItem\",\"position\":1,\"name\":\"Startseite\",\"item\":\"https:\/\/interx-therapie.de\/interx-therapie\/\"},{\"@type\":\"ListItem\",\"position\":2,\"name\":\"Therapeuten\"}]},{\"@type\":\"WebSite\",\"@id\":\"https:\/\/interx-therapie.de\/interx-therapie\/#website\",\"url\":\"https:\/\/interx-therapie.de\/interx-therapie\/\",\"name\":\"InterX Therapie\",\"description\":\"Eine weitere InterX Portal Websites Website\",\"potentialAction\":[{\"@type\":\"SearchAction\",\"target\":{\"@type\":\"EntryPoint\",\"urlTemplate\":\"https:\/\/interx-therapie.de\/interx-therapie\/?s={search_term_string}\"},\"query-input\":\"required name=search_term_string\"}],\"inLanguage\":\"de-DE\"}]}<\/script>\n<!-- \/ Yoast SEO plugin. -->","yoast_head_json":{"title":"Therapeuten - InterX Therapie","robots":{"index":"index","follow":"follow","max-snippet":"max-snippet:-1","max-image-preview":"max-image-preview:large","max-video-preview":"max-video-preview:-1"},"canonical":"https:\/\/interx-therapie.de\/interx-therapie\/therapeuten\/","og_locale":"de_DE","og_type":"article","og_title":"Therapeuten - InterX Therapie","og_description":"Hier werden Sie professionell behandelt: PLZ Ort Name Fachbereich Telefon 34246 Vellmar Annette Frede Privat\u00e4rztin 0561-8208018 34431 Marsberg Tanja Neufeld Privat\u00e4rztin 02992-90 83 75 34431 Marsberg Dr. G. Brockamp Arztpraxis 02992-97 98-0 34516 V\u00f6hl-Herzhausen Jochen Wolf Reha-Vital Praxis 05635-99 33 57 65428 R\u00fcsselsheim Dr. Manfred Wobig Orthop\u00e4den am Klinikum 06142-95630-12","og_url":"https:\/\/interx-therapie.de\/interx-therapie\/therapeuten\/","og_site_name":"InterX Therapie","article_modified_time":"2019-06-13T20:25:19+00:00","twitter_card":"summary_large_image","schema":{"@context":"https:\/\/schema.org","@graph":[{"@type":"WebPage","@id":"https:\/\/interx-therapie.de\/interx-therapie\/therapeuten\/","url":"https:\/\/interx-therapie.de\/interx-therapie\/therapeuten\/","name":"Therapeuten - InterX Therapie","isPartOf":{"@id":"https:\/\/interx-therapie.de\/interx-therapie\/#website"},"datePublished":"2019-06-13T13:21:45+00:00","dateModified":"2019-06-13T20:25:19+00:00","breadcrumb":{"@id":"https:\/\/interx-therapie.de\/interx-therapie\/therapeuten\/#breadcrumb"},"inLanguage":"de-DE","potentialAction":[{"@type":"ReadAction","target":["https:\/\/interx-therapie.de\/interx-therapie\/therapeuten\/"]}]},{"@type":"BreadcrumbList","@id":"https:\/\/interx-therapie.de\/interx-therapie\/therapeuten\/#breadcrumb","itemListElement":[{"@type":"ListItem","position":1,"name":"Startseite","item":"https:\/\/interx-therapie.de\/interx-therapie\/"},{"@type":"ListItem","position":2,"name":"Therapeuten"}]},{"@type":"WebSite","@id":"https:\/\/interx-therapie.de\/interx-therapie\/#website","url":"https:\/\/interx-therapie.de\/interx-therapie\/","name":"InterX Therapie","description":"Eine weitere InterX Portal Websites Website","potentialAction":[{"@type":"SearchAction","target":{"@type":"EntryPoint","urlTemplate":"https:\/\/interx-therapie.de\/interx-therapie\/?s={search_term_string}"},"query-input":"required name=search_term_string"}],"inLanguage":"de-DE"}]}},"uagb_featured_image_src":{"full":false,"thumbnail":false,"medium":false,"medium_large":false,"large":false,"1536x1536":false,"2048x2048":false},"uagb_author_info":{"display_name":"Markeloop-IX","author_link":"https:\/\/interx-therapie.de\/interx-therapie\/author\/markeloop-ix\/"},"uagb_comment_info":0,"uagb_excerpt":"Hier werden Sie professionell behandelt: PLZ Ort Name Fachbereich Telefon 34246 Vellmar Annette Frede Privat\u00e4rztin 0561-8208018 34431 Marsberg Tanja Neufeld Privat\u00e4rztin 02992-90 83 75 34431 Marsberg Dr. G. Brockamp Arztpraxis 02992-97 98-0 34516 V\u00f6hl-Herzhausen Jochen Wolf Reha-Vital Praxis 05635-99 33 57 65428 R\u00fcsselsheim Dr. Manfred Wobig Orthop\u00e4den am Klinikum 06142-95630-12","_links":{"self":[{"href":"https:\/\/interx-therapie.de\/interx-therapie\/wp-json\/wp\/v2\/pages\/45"}],"collection":[{"href":"https:\/\/interx-therapie.de\/interx-therapie\/wp-json\/wp\/v2\/pages"}],"about":[{"href":"https:\/\/interx-therapie.de\/interx-therapie\/wp-json\/wp\/v2\/types\/page"}],"author":[{"embeddable":true,"href":"https:\/\/interx-therapie.de\/interx-therapie\/wp-json\/wp\/v2\/users\/1"}],"replies":[{"embeddable":true,"href":"https:\/\/interx-therapie.de\/interx-therapie\/wp-json\/wp\/v2\/comments?post=45"}],"version-history":[{"count":5,"href":"https:\/\/interx-therapie.de\/interx-therapie\/wp-json\/wp\/v2\/pages\/45\/revisions"}],"predecessor-version":[{"id":83,"href":"https:\/\/interx-therapie.de\/interx-therapie\/wp-json\/wp\/v2\/pages\/45\/revisions\/83"}],"wp:attachment":[{"href":"https:\/\/interx-therapie.de\/interx-therapie\/wp-json\/wp\/v2\/media?parent=45"}],"curies":[{"name":"wp","href":"https:\/\/api.w.org\/{rel}","templated":true}]}}