{"id":167,"date":"2019-06-15T14:25:22","date_gmt":"2019-06-15T12:25:22","guid":{"rendered":"http:\/\/wp13352054.server-he.de\/interx-therapie\/?page_id=167"},"modified":"2019-06-15T14:25:23","modified_gmt":"2019-06-15T12:25:23","slug":"anwendungsgebiete","status":"publish","type":"page","link":"https:\/\/interx-therapie.de\/interx-therapie\/bereiche\/anwendungsgebiete\/","title":{"rendered":"Anwendungsgebiete"},"content":{"rendered":"\n<p><strong>Bewegungsapparat<br><\/strong>allgemeine\n Muskel-, WS- und Gelenkschmerzen, Sehnenentz\u00fcndungen, Tendinosen, \nBandscheibenvorfall, Faszienst\u00f6rungen, Wachstumsschmerzen, rheumatische \nErkrankungen, Morb. Bechterew, Arthrose, Osteoarthritis, Polyarthritis, \nOsteochondrose, Osteoporose, Schulter-Arm-Syndrom, Tennisellbogen, \nKarpaltunnelsyndrom, Schleimbeutelentz\u00fcndung, Dupuytren, Ganglien, \nMyogelosen, Verspannungen, Nackenschmerzen\n<\/p>\n\n\n\n<p><strong>Alltagsverletzungen, Sportverletzungen<\/strong><br>Prellungen,\n Zerrungen, Verstauchungen, \u00dcberlastungssymptome, H\u00e4matome, \u00d6deme, \nVerbrennungen, Erfrierungen, Bisswunden, Insektenstiche, \nGehirnersch\u00fctterung\n<\/p>\n\n\n\n<p><strong>posttraumatisch\/postoperativ<\/strong><br>Sofort-Ma\u00dfnahme\n nach Apoplex, Sch\u00e4del-Hirn-Trauma, Gehirnersch\u00fctterung, \nSchleudertrauma, zur Schmerzlinderung, Infektionshemmung, Beschleunigung\n und Optimierung der Wundheilung, Verbesserung der Moblisation \n<\/p>\n\n\n\n<p><strong>neurologische Erkrankungen<br><\/strong>Neuralgien, \nPolyneuropathie, Paresen, Fazialisparese, Meningitis, Multiple Sklerose,\n Fibromyalgie, Apoplex, Phantomschmerz, Spastik, Migr\u00e4ne, Kopfschmerzen\n<\/p>\n\n\n\n<p><strong>Zahnmedizin<\/strong><br>akute Schmerztherapie, \nEntz\u00fcndungsd\u00e4mpfung, Infektionshemmung nach Implantation, Wundheilung, \nBeseitigung craniomandibularer Disbalance,&nbsp; Entspannung der \nKiefermuskulatur, Aufhebung der Lokalan\u00e4sthesie\n<\/p>\n\n\n\n<p><strong>HNO<\/strong><br>Infekte der Stirnh\u00f6len, Nebenh\u00f6len und\n oberen Luftwege,&nbsp; Mandelentz\u00fcndung, Bronchitis, Lungenentz\u00fcndung, \nAllergien,&nbsp; Geh\u00f6rgangsinfekte, Mittelohrentz\u00fcndung, Tinnitus \n<\/p>\n\n\n\n<p><strong>Herz-Kreislauf-System<\/strong><br>WS-bedingte Herzrhytmusst\u00f6rungen, Blutdrucksenkung, Tonisierung, Regulierung des veg. Nervensystems<\/p>\n\n\n\n<p><strong>Haut<\/strong><br>Durchblutungsst\u00f6rungen, Ulcus cruris,\n Dekubitus, Nekrosen, Verbrennungen, Erfrierungen, Schnitt- und \nBisswunden, Insektenstiche, Wundheilungsst\u00f6rungen, Ekzeme, \nNeurodermitis, Narben \n<\/p>\n\n\n\n<p><strong>Gyn\u00e4kologie\/Urologie<\/strong><br>Menstruationsbeschwerden, Wechseljahresbeschwerden, Harnwegsinfekte, Prostataleiden<br><br><strong>Sonstiges<\/strong><br>zur\n Unterst\u00fctzung bei St\u00f6rungen der Organfunktionen wie z.B. Magenleiden, \nVerdauungsbeschwerden, Nieren- und Leberbelastungen, bei \nEinschlafst\u00f6rungen, Kinderkrankheiten u.m.<\/p>\n\n\n\n<h1 class=\"wp-block-heading\">Kontraindikationen<\/h1>\n\n\n\n<p><strong>InterX<\/strong> soll nicht angewendet werden bei Patienten mit Herzschrittmacher,<br> bei Epileptikern, Schwangeren sowie direkt \u00fcber Tumoren und Thrombosen<\/p>\n","protected":false},"excerpt":{"rendered":"<p>Bewegungsapparatallgemeine Muskel-, WS- und Gelenkschmerzen, Sehnenentz\u00fcndungen, Tendinosen, Bandscheibenvorfall, Faszienst\u00f6rungen, Wachstumsschmerzen, rheumatische Erkrankungen, Morb. Bechterew, Arthrose, Osteoarthritis, Polyarthritis, Osteochondrose, Osteoporose, Schulter-Arm-Syndrom, Tennisellbogen, Karpaltunnelsyndrom, Schleimbeutelentz\u00fcndung, Dupuytren, Ganglien, Myogelosen, Verspannungen, Nackenschmerzen Alltagsverletzungen, SportverletzungenPrellungen, Zerrungen, Verstauchungen, \u00dcberlastungssymptome, H\u00e4matome, \u00d6deme, Verbrennungen, Erfrierungen, Bisswunden, Insektenstiche, Gehirnersch\u00fctterung posttraumatisch\/postoperativSofort-Ma\u00dfnahme nach Apoplex, Sch\u00e4del-Hirn-Trauma, Gehirnersch\u00fctterung, Schleudertrauma, zur Schmerzlinderung, Infektionshemmung, Beschleunigung und Optimierung der Wundheilung, Verbesserung [&hellip;]<\/p>\n","protected":false},"author":1,"featured_media":0,"parent":152,"menu_order":0,"comment_status":"closed","ping_status":"closed","template":"","meta":{"_uag_custom_page_level_css":"","_links_to":"","_links_to_target":""},"yoast_head":"<!-- This site is optimized with the Yoast SEO plugin v20.9 - https:\/\/yoast.com\/wordpress\/plugins\/seo\/ -->\n<title>Anwendungsgebiete - InterX Therapie<\/title>\n<meta name=\"robots\" content=\"index, follow, max-snippet:-1, max-image-preview:large, max-video-preview:-1\" \/>\n<link rel=\"canonical\" href=\"https:\/\/interx-therapie.de\/interx-therapie\/bereiche\/anwendungsgebiete\/\" \/>\n<meta property=\"og:locale\" content=\"de_DE\" \/>\n<meta property=\"og:type\" content=\"article\" \/>\n<meta property=\"og:title\" content=\"Anwendungsgebiete - InterX Therapie\" \/>\n<meta property=\"og:description\" content=\"Bewegungsapparatallgemeine Muskel-, WS- und Gelenkschmerzen, Sehnenentz\u00fcndungen, Tendinosen, Bandscheibenvorfall, Faszienst\u00f6rungen, Wachstumsschmerzen, rheumatische Erkrankungen, Morb. Bechterew, Arthrose, Osteoarthritis, Polyarthritis, Osteochondrose, Osteoporose, Schulter-Arm-Syndrom, Tennisellbogen, Karpaltunnelsyndrom, Schleimbeutelentz\u00fcndung, Dupuytren, Ganglien, Myogelosen, Verspannungen, Nackenschmerzen Alltagsverletzungen, SportverletzungenPrellungen, Zerrungen, Verstauchungen, \u00dcberlastungssymptome, H\u00e4matome, \u00d6deme, Verbrennungen, Erfrierungen, Bisswunden, Insektenstiche, Gehirnersch\u00fctterung posttraumatisch\/postoperativSofort-Ma\u00dfnahme nach Apoplex, Sch\u00e4del-Hirn-Trauma, Gehirnersch\u00fctterung, Schleudertrauma, zur Schmerzlinderung, Infektionshemmung, Beschleunigung und Optimierung der Wundheilung, Verbesserung [&hellip;]\" \/>\n<meta property=\"og:url\" content=\"https:\/\/interx-therapie.de\/interx-therapie\/bereiche\/anwendungsgebiete\/\" \/>\n<meta property=\"og:site_name\" content=\"InterX Therapie\" \/>\n<meta property=\"article:modified_time\" content=\"2019-06-15T12:25:23+00:00\" \/>\n<meta name=\"twitter:card\" content=\"summary_large_image\" \/>\n<meta name=\"twitter:label1\" content=\"Gesch\u00e4tzte Lesezeit\" \/>\n\t<meta name=\"twitter:data1\" content=\"1 Minute\" \/>\n<script type=\"application\/ld+json\" class=\"yoast-schema-graph\">{\"@context\":\"https:\/\/schema.org\",\"@graph\":[{\"@type\":\"WebPage\",\"@id\":\"https:\/\/interx-therapie.de\/interx-therapie\/bereiche\/anwendungsgebiete\/\",\"url\":\"https:\/\/interx-therapie.de\/interx-therapie\/bereiche\/anwendungsgebiete\/\",\"name\":\"Anwendungsgebiete - InterX Therapie\",\"isPartOf\":{\"@id\":\"https:\/\/interx-therapie.de\/interx-therapie\/#website\"},\"datePublished\":\"2019-06-15T12:25:22+00:00\",\"dateModified\":\"2019-06-15T12:25:23+00:00\",\"breadcrumb\":{\"@id\":\"https:\/\/interx-therapie.de\/interx-therapie\/bereiche\/anwendungsgebiete\/#breadcrumb\"},\"inLanguage\":\"de-DE\",\"potentialAction\":[{\"@type\":\"ReadAction\",\"target\":[\"https:\/\/interx-therapie.de\/interx-therapie\/bereiche\/anwendungsgebiete\/\"]}]},{\"@type\":\"BreadcrumbList\",\"@id\":\"https:\/\/interx-therapie.de\/interx-therapie\/bereiche\/anwendungsgebiete\/#breadcrumb\",\"itemListElement\":[{\"@type\":\"ListItem\",\"position\":1,\"name\":\"Startseite\",\"item\":\"https:\/\/interx-therapie.de\/interx-therapie\/\"},{\"@type\":\"ListItem\",\"position\":2,\"name\":\"Bereiche\",\"item\":\"https:\/\/interx-therapie.de\/interx-therapie\/bereiche\/\"},{\"@type\":\"ListItem\",\"position\":3,\"name\":\"Anwendungsgebiete\"}]},{\"@type\":\"WebSite\",\"@id\":\"https:\/\/interx-therapie.de\/interx-therapie\/#website\",\"url\":\"https:\/\/interx-therapie.de\/interx-therapie\/\",\"name\":\"InterX Therapie\",\"description\":\"Eine weitere InterX Portal Websites Website\",\"potentialAction\":[{\"@type\":\"SearchAction\",\"target\":{\"@type\":\"EntryPoint\",\"urlTemplate\":\"https:\/\/interx-therapie.de\/interx-therapie\/?s={search_term_string}\"},\"query-input\":\"required name=search_term_string\"}],\"inLanguage\":\"de-DE\"}]}<\/script>\n<!-- \/ Yoast SEO plugin. -->","yoast_head_json":{"title":"Anwendungsgebiete - InterX Therapie","robots":{"index":"index","follow":"follow","max-snippet":"max-snippet:-1","max-image-preview":"max-image-preview:large","max-video-preview":"max-video-preview:-1"},"canonical":"https:\/\/interx-therapie.de\/interx-therapie\/bereiche\/anwendungsgebiete\/","og_locale":"de_DE","og_type":"article","og_title":"Anwendungsgebiete - InterX Therapie","og_description":"Bewegungsapparatallgemeine Muskel-, WS- und Gelenkschmerzen, Sehnenentz\u00fcndungen, Tendinosen, Bandscheibenvorfall, Faszienst\u00f6rungen, Wachstumsschmerzen, rheumatische Erkrankungen, Morb. Bechterew, Arthrose, Osteoarthritis, Polyarthritis, Osteochondrose, Osteoporose, Schulter-Arm-Syndrom, Tennisellbogen, Karpaltunnelsyndrom, Schleimbeutelentz\u00fcndung, Dupuytren, Ganglien, Myogelosen, Verspannungen, Nackenschmerzen Alltagsverletzungen, SportverletzungenPrellungen, Zerrungen, Verstauchungen, \u00dcberlastungssymptome, H\u00e4matome, \u00d6deme, Verbrennungen, Erfrierungen, Bisswunden, Insektenstiche, Gehirnersch\u00fctterung posttraumatisch\/postoperativSofort-Ma\u00dfnahme nach Apoplex, Sch\u00e4del-Hirn-Trauma, Gehirnersch\u00fctterung, Schleudertrauma, zur Schmerzlinderung, Infektionshemmung, Beschleunigung und Optimierung der Wundheilung, Verbesserung [&hellip;]","og_url":"https:\/\/interx-therapie.de\/interx-therapie\/bereiche\/anwendungsgebiete\/","og_site_name":"InterX Therapie","article_modified_time":"2019-06-15T12:25:23+00:00","twitter_card":"summary_large_image","twitter_misc":{"Gesch\u00e4tzte Lesezeit":"1 Minute"},"schema":{"@context":"https:\/\/schema.org","@graph":[{"@type":"WebPage","@id":"https:\/\/interx-therapie.de\/interx-therapie\/bereiche\/anwendungsgebiete\/","url":"https:\/\/interx-therapie.de\/interx-therapie\/bereiche\/anwendungsgebiete\/","name":"Anwendungsgebiete - InterX Therapie","isPartOf":{"@id":"https:\/\/interx-therapie.de\/interx-therapie\/#website"},"datePublished":"2019-06-15T12:25:22+00:00","dateModified":"2019-06-15T12:25:23+00:00","breadcrumb":{"@id":"https:\/\/interx-therapie.de\/interx-therapie\/bereiche\/anwendungsgebiete\/#breadcrumb"},"inLanguage":"de-DE","potentialAction":[{"@type":"ReadAction","target":["https:\/\/interx-therapie.de\/interx-therapie\/bereiche\/anwendungsgebiete\/"]}]},{"@type":"BreadcrumbList","@id":"https:\/\/interx-therapie.de\/interx-therapie\/bereiche\/anwendungsgebiete\/#breadcrumb","itemListElement":[{"@type":"ListItem","position":1,"name":"Startseite","item":"https:\/\/interx-therapie.de\/interx-therapie\/"},{"@type":"ListItem","position":2,"name":"Bereiche","item":"https:\/\/interx-therapie.de\/interx-therapie\/bereiche\/"},{"@type":"ListItem","position":3,"name":"Anwendungsgebiete"}]},{"@type":"WebSite","@id":"https:\/\/interx-therapie.de\/interx-therapie\/#website","url":"https:\/\/interx-therapie.de\/interx-therapie\/","name":"InterX Therapie","description":"Eine weitere InterX Portal Websites Website","potentialAction":[{"@type":"SearchAction","target":{"@type":"EntryPoint","urlTemplate":"https:\/\/interx-therapie.de\/interx-therapie\/?s={search_term_string}"},"query-input":"required name=search_term_string"}],"inLanguage":"de-DE"}]}},"uagb_featured_image_src":{"full":false,"thumbnail":false,"medium":false,"medium_large":false,"large":false,"1536x1536":false,"2048x2048":false},"uagb_author_info":{"display_name":"Markeloop-IX","author_link":"https:\/\/interx-therapie.de\/interx-therapie\/author\/markeloop-ix\/"},"uagb_comment_info":0,"uagb_excerpt":"Bewegungsapparatallgemeine Muskel-, WS- und Gelenkschmerzen, Sehnenentz\u00fcndungen, Tendinosen, Bandscheibenvorfall, Faszienst\u00f6rungen, Wachstumsschmerzen, rheumatische Erkrankungen, Morb. Bechterew, Arthrose, Osteoarthritis, Polyarthritis, Osteochondrose, Osteoporose, Schulter-Arm-Syndrom, Tennisellbogen, Karpaltunnelsyndrom, Schleimbeutelentz\u00fcndung, Dupuytren, Ganglien, Myogelosen, Verspannungen, Nackenschmerzen Alltagsverletzungen, SportverletzungenPrellungen, Zerrungen, Verstauchungen, \u00dcberlastungssymptome, H\u00e4matome, \u00d6deme, Verbrennungen, Erfrierungen, Bisswunden, Insektenstiche, Gehirnersch\u00fctterung posttraumatisch\/postoperativSofort-Ma\u00dfnahme nach Apoplex, Sch\u00e4del-Hirn-Trauma, Gehirnersch\u00fctterung, Schleudertrauma, zur Schmerzlinderung, Infektionshemmung, Beschleunigung und Optimierung der Wundheilung, Verbesserung&hellip;","_links":{"self":[{"href":"https:\/\/interx-therapie.de\/interx-therapie\/wp-json\/wp\/v2\/pages\/167"}],"collection":[{"href":"https:\/\/interx-therapie.de\/interx-therapie\/wp-json\/wp\/v2\/pages"}],"about":[{"href":"https:\/\/interx-therapie.de\/interx-therapie\/wp-json\/wp\/v2\/types\/page"}],"author":[{"embeddable":true,"href":"https:\/\/interx-therapie.de\/interx-therapie\/wp-json\/wp\/v2\/users\/1"}],"replies":[{"embeddable":true,"href":"https:\/\/interx-therapie.de\/interx-therapie\/wp-json\/wp\/v2\/comments?post=167"}],"version-history":[{"count":2,"href":"https:\/\/interx-therapie.de\/interx-therapie\/wp-json\/wp\/v2\/pages\/167\/revisions"}],"predecessor-version":[{"id":247,"href":"https:\/\/interx-therapie.de\/interx-therapie\/wp-json\/wp\/v2\/pages\/167\/revisions\/247"}],"up":[{"embeddable":true,"href":"https:\/\/interx-therapie.de\/interx-therapie\/wp-json\/wp\/v2\/pages\/152"}],"wp:attachment":[{"href":"https:\/\/interx-therapie.de\/interx-therapie\/wp-json\/wp\/v2\/media?parent=167"}],"curies":[{"name":"wp","href":"https:\/\/api.w.org\/{rel}","templated":true}]}}